{"id":7742,"date":"2024-12-10T15:49:12","date_gmt":"2024-12-10T14:49:12","guid":{"rendered":"https:\/\/greenmyexperience.com\/cookies\/"},"modified":"2024-12-10T15:51:16","modified_gmt":"2024-12-10T14:51:16","slug":"cookies","status":"publish","type":"page","link":"https:\/\/greenmyexperience.com\/es\/cookies\/","title":{"rendered":"Cookies"},"content":{"rendered":"<p>[et_pb_section fb_built=\u00bb1&#8243; _builder_version=\u00bb4.27.2&#8243; _module_preset=\u00bbdefault\u00bb background_color=\u00bbRGBA(255,255,255,0)\u00bb custom_padding=\u00bb0px||||false|false\u00bb locked=\u00bboff\u00bb global_colors_info=\u00bb{}\u00bb][et_pb_row _builder_version=\u00bb4.27.2&#8243; _module_preset=\u00bbdefault\u00bb custom_padding=\u00bb0px||0px||false|false\u00bb global_colors_info=\u00bb{}\u00bb][et_pb_column type=\u00bb4_4&#8243; _builder_version=\u00bb4.27.2&#8243; _module_preset=\u00bbdefault\u00bb global_colors_info=\u00bb{}\u00bb][et_pb_text module_class=\u00bbsoluctions-content\u00bb _builder_version=\u00bb4.27.2&#8243; _module_preset=\u00bbdefault\u00bb text_font=\u00bbInter|500|||||||\u00bb text_text_color=\u00bb#2a2822&#8243; text_font_size=\u00bb20px\u00bb text_line_height=\u00bb28px\u00bb header_2_font=\u00bbPoppins|800||on|||||\u00bb header_2_text_color=\u00bb#285d45&#8243; header_2_font_size=\u00bb24px\u00bb header_2_letter_spacing=\u00bb-0.48px\u00bb header_2_line_height=\u00bb28px\u00bb custom_margin=\u00bb20px||||false|false\u00bb custom_padding=\u00bb||||false|false\u00bb hover_enabled=\u00bb0&#8243; text_font_size_tablet=\u00bb24px\u00bb text_font_size_phone=\u00bb20px\u00bb text_font_size_last_edited=\u00bbon|phone\u00bb custom_css_free_form=\u00bb.soluctions-content strong{||  color: #285D45;||}||.soluctions-content h2{||  margin-bottom: 14px||}||.soluctions-content ol li{||  margin-bottom: 12px;||}\u00bb global_colors_info=\u00bb{}\u00bb sticky_enabled=\u00bb0&#8243;]<\/p>\n<h2>Pol\u00edtica de Cookies de GreenMyExperience.com<\/h2>\n<p>Fecha de Vigencia: 1 de enero de 2024<\/p>\n<p><strong>1. Introducci\u00f3n<\/strong><br \/>Esta Pol\u00edtica de Cookies explica c\u00f3mo GreenMyExperience.com (\u00abnosotros,\u00bb \u00abnuestro\u00bb o \u00abnuestra\u00bb) utiliza cookies y tecnolog\u00edas similares para reconocerte cuando visitas nuestro sitio web en https:\/\/GreenMyExperience.com. Aqu\u00ed te explicamos qu\u00e9 son estas tecnolog\u00edas, por qu\u00e9 las utilizamos y c\u00f3mo puedes controlarlas.<\/p>\n<p><strong>2. \u00bfQu\u00e9 Son las Cookies?<\/strong><br \/>Las cookies son peque\u00f1os archivos de texto almacenados en tu dispositivo (computadora, tableta o m\u00f3vil) por los sitios web que visitas. Se usan ampliamente para que los sitios web funcionen de manera eficiente, mejoren la experiencia del usuario y proporcionen informaci\u00f3n a los propietarios del sitio web.<\/p>\n<p><strong>Las cookies pueden ser:<\/strong><\/p>\n<p>Cookies de Sesi\u00f3n: Cookies temporales que expiran al cerrar tu navegador.<br \/>Cookies Persistentes: Permanecen en tu dispositivo hasta que expiran o las eliminas.<br \/><strong><\/strong><\/p>\n<p><strong>3. Tipos de Cookies Que Usamos<\/strong><br \/>Podemos utilizar los siguientes tipos de cookies:<\/p>\n<p>Cookies Esenciales<br \/>Estas cookies son necesarias para que el sitio web funcione correctamente. Sin ellas, algunas funciones del sitio pueden no operar como se espera.<\/p>\n<p>Cookies de Rendimiento y An\u00e1lisis<br \/>Estas cookies recopilan informaci\u00f3n sobre c\u00f3mo los visitantes usan nuestro sitio web, como las p\u00e1ginas m\u00e1s visitadas. Los datos son agregados y an\u00f3nimos, lo que nos ayuda a mejorar la funcionalidad del sitio.<\/p>\n<p>Cookies de Funcionalidad<br \/>Estas cookies permiten que el sitio recuerde tus preferencias (como el idioma o la regi\u00f3n) y ofrezca caracter\u00edsticas mejoradas.<\/p>\n<p>Cookies de Publicidad o Segmentaci\u00f3n<br \/>Actualmente no utilizamos cookies de publicidad o segmentaci\u00f3n. Si las implementamos en el futuro, te informaremos y obtendremos tu consentimiento.<\/p>\n<p><strong>4. C\u00f3mo Usamos las Cookies<\/strong><br \/>Usamos cookies para:<\/p>\n<p>Asegurar que el sitio web funcione eficazmente.<br \/>Analizar y mejorar el rendimiento del sitio.<br \/>Comprender las preferencias del usuario y mejorar tu experiencia.<br \/><strong><\/strong><\/p>\n<p><strong>5. Cookies de Terceros<\/strong><br \/>En algunos casos, servicios de terceros pueden usar cookies en nuestro sitio para proporcionar an\u00e1lisis o funcionalidades adicionales. Estas cookies son responsabilidad de terceros, y sus pol\u00edticas de privacidad rigen su uso.<\/p>\n<p>Algunos ejemplos de cookies de terceros que podr\u00edamos usar incluyen:<\/p>\n<p>Google Analytics: Para an\u00e1lisis de rendimiento y uso del sitio web.<\/p>\n<p><strong>6. C\u00f3mo Puedes Gestionar las Cookies<\/strong><br \/>Tienes el derecho de aceptar o rechazar las cookies. Puedes gestionar tus preferencias de las siguientes maneras:<\/p>\n<p>Configuraciones del Navegador<br \/>La mayor\u00eda de los navegadores web permiten controlar las cookies a trav\u00e9s de sus configuraciones. Normalmente, estas configuraciones se encuentran en el men\u00fa de \u00abOpciones\u00bb o \u00abPreferencias.\u00bb<\/p>\n<p>Banner de Cookies<br \/>Al visitar nuestro sitio, puede aparecer un banner para informarte sobre el uso de cookies. Puedes gestionar tus preferencias directamente desde este banner.<\/p>\n<p>Herramientas de Exclusi\u00f3n<br \/>Algunos servicios de terceros ofrecen herramientas para excluirse de sus cookies, como el complemento de exclusi\u00f3n de Google Analytics.<\/p>\n<p><strong>7. Cambios en Esta Pol\u00edtica de Cookies<\/strong><br \/>Podemos actualizar esta Pol\u00edtica de Cookies de vez en cuando para reflejar cambios en nuestras pr\u00e1cticas o requisitos legales. La pol\u00edtica actualizada ser\u00e1 efectiva a partir de la fecha indicada en la parte superior.<\/p>\n<p><strong>8. Cont\u00e1ctanos<\/strong><br \/>Si tienes preguntas sobre esta Pol\u00edtica de Cookies, cont\u00e1ctanos en:<\/p>\n<p>Correo electr\u00f3nico: <a href=\"mailto:info@overvieweffect.io\">info@overvieweffect.io<\/a><\/p>\n<p>\u00a1Gracias por visitar GreenMyExperience.com!<\/p>\n<p>[\/et_pb_text][\/et_pb_column][\/et_pb_row][\/et_pb_section]<\/p>\n","protected":false},"excerpt":{"rendered":"<p>Pol\u00edtica de Cookies de GreenMyExperience.com Fecha de Vigencia: 1 de enero de 2024 1. Introducci\u00f3nEsta Pol\u00edtica de Cookies explica c\u00f3mo GreenMyExperience.com (\u00abnosotros,\u00bb \u00abnuestro\u00bb o \u00abnuestra\u00bb) utiliza cookies y tecnolog\u00edas similares para reconocerte cuando visitas nuestro sitio web en https:\/\/GreenMyExperience.com. Aqu\u00ed te explicamos qu\u00e9 son estas tecnolog\u00edas, por qu\u00e9 las utilizamos y c\u00f3mo puedes controlarlas. 2. [&hellip;]<\/p>\n","protected":false},"author":1,"featured_media":0,"parent":0,"menu_order":0,"comment_status":"closed","ping_status":"closed","template":"","meta":{"_et_pb_use_builder":"on","_et_pb_old_content":"","_et_gb_content_width":"","inline_featured_image":false,"footnotes":""},"class_list":["post-7742","page","type-page","status-publish","hentry"],"_links":{"self":[{"href":"https:\/\/greenmyexperience.com\/es\/wp-json\/wp\/v2\/pages\/7742","targetHints":{"allow":["GET"]}}],"collection":[{"href":"https:\/\/greenmyexperience.com\/es\/wp-json\/wp\/v2\/pages"}],"about":[{"href":"https:\/\/greenmyexperience.com\/es\/wp-json\/wp\/v2\/types\/page"}],"author":[{"embeddable":true,"href":"https:\/\/greenmyexperience.com\/es\/wp-json\/wp\/v2\/users\/1"}],"replies":[{"embeddable":true,"href":"https:\/\/greenmyexperience.com\/es\/wp-json\/wp\/v2\/comments?post=7742"}],"version-history":[{"count":1,"href":"https:\/\/greenmyexperience.com\/es\/wp-json\/wp\/v2\/pages\/7742\/revisions"}],"predecessor-version":[{"id":7743,"href":"https:\/\/greenmyexperience.com\/es\/wp-json\/wp\/v2\/pages\/7742\/revisions\/7743"}],"wp:attachment":[{"href":"https:\/\/greenmyexperience.com\/es\/wp-json\/wp\/v2\/media?parent=7742"}],"curies":[{"name":"wp","href":"https:\/\/api.w.org\/{rel}","templated":true}]}}