{"id":7611,"date":"2024-11-23T00:31:08","date_gmt":"2024-11-22T23:31:08","guid":{"rendered":"https:\/\/greenmyexperience.com\/about-us\/"},"modified":"2026-03-27T19:09:31","modified_gmt":"2026-03-27T18:09:31","slug":"sobre-nosotros","status":"publish","type":"page","link":"https:\/\/greenmyexperience.com\/es\/sobre-nosotros\/","title":{"rendered":"Sobre Nosotros"},"content":{"rendered":"<p>[et_pb_section fb_built=\u00bb1&#8243; admin_label=\u00bbTitle Section\u00bb _builder_version=\u00bb4.23.1&#8243; _module_preset=\u00bbdefault\u00bb background_color=\u00bbRGBA(255,255,255,0)\u00bb z_index=\u00bb1&#8243; custom_margin=\u00bb20px||0px||false|false\u00bb custom_padding=\u00bb0px||0px||false|false\u00bb locked=\u00bboff\u00bb global_colors_info=\u00bb{}\u00bb][et_pb_row _builder_version=\u00bb4.23.1&#8243; _module_preset=\u00bbdefault\u00bb z_index=\u00bb2&#8243; custom_margin=\u00bb||0px||false|false\u00bb custom_padding=\u00bb10px||0px||false|false\u00bb global_colors_info=\u00bb{}\u00bb][et_pb_column type=\u00bb4_4&#8243; _builder_version=\u00bb4.23.1&#8243; _module_preset=\u00bbdefault\u00bb custom_padding=\u00bb||||false|false\u00bb custom_css_free_form=\u00bb.et_pb_module{||  margin-bottom: 0px !important||}\u00bb global_colors_info=\u00bb{}\u00bb][et_pb_text _builder_version=\u00bb4.27.4&#8243; _module_preset=\u00bbdefault\u00bb text_font=\u00bbPoppins|800|||||||\u00bb text_text_color=\u00bb#000000&#8243; text_letter_spacing=\u00bb-1.76px\u00bb header_font=\u00bbPoppins|800||on|||||\u00bb header_text_color=\u00bb#285d45&#8243; header_font_size=\u00bb72px\u00bb header_letter_spacing=\u00bb-1.44px\u00bb header_line_height=\u00bb72px\u00bb max_width=\u00bb1024px\u00bb header_font_size_tablet=\u00bb64px\u00bb header_font_size_phone=\u00bb40px\u00bb header_font_size_last_edited=\u00bbon|tablet\u00bb header_letter_spacing_tablet=\u00bb-1.28px\u00bb header_letter_spacing_phone=\u00bb-0.8px\u00bb header_letter_spacing_last_edited=\u00bbon|phone\u00bb header_line_height_tablet=\u00bb64px\u00bb header_line_height_phone=\u00bb40px\u00bb header_line_height_last_edited=\u00bbon|desktop\u00bb custom_css_free_form=\u00bbh1{||  padding-bottom: 0px||}||strong{||  font-weight: 800;||  color: #87C43F;  ||}\u00bb global_colors_info=\u00bb{}\u00bb]<\/p>\n<h1><\/h1>\n<p>&nbsp;<\/p>\n<h1>SOLUcioneS<\/h1>\n<h1>SOSTENIBLES SIMPLES<\/h1>\n<p>[\/et_pb_text][et_pb_image src=\u00bbhttps:\/\/greenmyexperience.com\/wp-content\/uploads\/2024\/08\/earth.svg\u00bb title_text=\u00bbearth\u00bb align=\u00bbright\u00bb _builder_version=\u00bb4.27.2&#8243; _module_preset=\u00bbdefault\u00bb positioning=\u00bbabsolute\u00bb position_origin_a=\u00bbtop_right\u00bb vertical_offset=\u00bb9px\u00bb horizontal_offset=\u00bb60px\u00bb z_index=\u00bb-1&#8243; vertical_offset_tablet=\u00bb35px\u00bb vertical_offset_phone=\u00bb90px\u00bb vertical_offset_last_edited=\u00bbon|phone\u00bb horizontal_offset_tablet=\u00bb431px\u00bb horizontal_offset_phone=\u00bb-85px\u00bb horizontal_offset_last_edited=\u00bbon|phone\u00bb position_origin_a_tablet=\u00bb\u00bb position_origin_a_phone=\u00bbtop_right\u00bb position_origin_a_last_edited=\u00bbon|phone\u00bb position_origin_f_tablet=\u00bb\u00bb position_origin_f_phone=\u00bb\u00bb position_origin_f_last_edited=\u00bbon|phone\u00bb position_origin_r_tablet=\u00bb\u00bb position_origin_r_phone=\u00bb\u00bb position_origin_r_last_edited=\u00bbon|phone\u00bb width=\u00bb540px\u00bb max_width_tablet=\u00bb\u00bb max_width_phone=\u00bb270px\u00bb max_width_last_edited=\u00bbon|phone\u00bb positioning_tablet=\u00bbabsolute\u00bb positioning_phone=\u00bbabsolute\u00bb positioning_last_edited=\u00bbon|phone\u00bb global_colors_info=\u00bb{}\u00bb][\/et_pb_image][\/et_pb_column][\/et_pb_row][et_pb_row _builder_version=\u00bb4.23.1&#8243; _module_preset=\u00bbdefault\u00bb custom_margin=\u00bb0px||||false|false\u00bb custom_margin_tablet=\u00bb16px||||false|false\u00bb custom_margin_phone=\u00bb8px||||false|false\u00bb custom_margin_last_edited=\u00bbon|desktop\u00bb custom_padding=\u00bb0px||0px||true|false\u00bb locked=\u00bboff\u00bb global_colors_info=\u00bb{}\u00bb][et_pb_column type=\u00bb4_4&#8243; _builder_version=\u00bb4.22.1&#8243; _module_preset=\u00bbdefault\u00bb global_colors_info=\u00bb{}\u00bb][et_pb_text module_class=\u00bbsoluctions-content\u00bb _builder_version=\u00bb4.27.2&#8243; _module_preset=\u00bbdefault\u00bb text_font=\u00bbInter|500|||||||\u00bb text_text_color=\u00bb#2a2822&#8243; text_font_size=\u00bb20px\u00bb text_line_height=\u00bb28px\u00bb header_2_font=\u00bbPoppins|800||on|||||\u00bb header_2_text_color=\u00bb#285d45&#8243; header_2_font_size=\u00bb32px\u00bb header_2_letter_spacing=\u00bb-0.64px\u00bb header_2_line_height=\u00bb36px\u00bb max_width=\u00bb775px\u00bb custom_margin=\u00bb26px||10px||false|false\u00bb custom_padding=\u00bb||||false|false\u00bb text_font_size_tablet=\u00bb24px\u00bb text_font_size_phone=\u00bb20px\u00bb text_font_size_last_edited=\u00bbon|phone\u00bb custom_css_free_form=\u00bb.soluctions-content strong{||  color: #2A2822;||}\u00bb global_colors_info=\u00bb{}\u00bb]<\/p>\n<p>En Green My Experience, <strong>la sostenibilidad no es solo una meta, es un estilo de vida y una responsabilidad compartida<\/strong>. Fundada por Cristina Calvo, una l\u00edder visionaria con m\u00e1s de 20 a\u00f1os de experiencia en sostenibilidad, turismo, marketing y tecnolog\u00eda, la empresa se basa en los principios de <strong>conservaci\u00f3n, educaci\u00f3n, innovaci\u00f3n y crecimiento continuo<\/strong>.<\/p>\n<p>A trav\u00e9s de <strong>orientaci\u00f3n clara<\/strong>, herramientas pr\u00e1cticas y un enfoque que empodera, ayudamos a las empresas a incorporar la sostenibilidad en cada paso, transformando las intenciones en acciones significativas y en un \u00e9xito duradero.<\/p>\n<p>En Green My Experience, hacemos que la sostenibilidad no solo sea posible, sino tambi\u00e9n <strong>transformadora<\/strong> para tu organizaci\u00f3n y el mundo.<\/p>\n<p>[\/et_pb_text][\/et_pb_column][\/et_pb_row][\/et_pb_section][et_pb_section fb_built=\u00bb1&#8243; _builder_version=\u00bb4.27.2&#8243; _module_preset=\u00bbdefault\u00bb background_color=\u00bbRGBA(255,255,255,0)\u00bb custom_margin=\u00bb40px||||false|false\u00bb custom_padding=\u00bb0px||0px||true|false\u00bb locked=\u00bboff\u00bb global_colors_info=\u00bb{}\u00bb][et_pb_row column_structure=\u00bb1_3,2_3&#8243; _builder_version=\u00bb4.27.2&#8243; _module_preset=\u00bbdefault\u00bb custom_padding=\u00bb18px||0px||false|false\u00bb global_colors_info=\u00bb{}\u00bb][et_pb_column type=\u00bb1_3&#8243; _builder_version=\u00bb4.27.0&#8243; _module_preset=\u00bbdefault\u00bb global_colors_info=\u00bb{}\u00bb][et_pb_text module_class=\u00bbready-masterclass-h2&#8243; _builder_version=\u00bb4.27.2&#8243; _module_preset=\u00bbdefault\u00bb text_font=\u00bbInter||||||||\u00bb text_text_color=\u00bb#2a2822&#8243; text_font_size=\u00bb20px\u00bb text_line_height=\u00bb28px\u00bb header_2_font=\u00bbPoppins|800||on|||||\u00bb header_2_text_color=\u00bb#285d45&#8243; header_2_font_size=\u00bb32px\u00bb header_2_letter_spacing=\u00bb-0.64px\u00bb header_2_line_height=\u00bb36px\u00bb max_width=\u00bb890px\u00bb custom_padding=\u00bb16px||16px||true|false\u00bb border_color_bottom=\u00bb#dbd9d5&#8243; global_colors_info=\u00bb{}\u00bb]<\/p>\n<h2>Nuestra misi\u00f3n<\/h2>\n<p>[\/et_pb_text][\/et_pb_column][et_pb_column type=\u00bb2_3&#8243; _builder_version=\u00bb4.27.0&#8243; _module_preset=\u00bbdefault\u00bb global_colors_info=\u00bb{}\u00bb][et_pb_text _builder_version=\u00bb4.27.2&#8243; _module_preset=\u00bbdefault\u00bb text_font=\u00bbInter|500|||||||\u00bb text_text_color=\u00bb#2a2822&#8243; text_font_size=\u00bb20px\u00bb text_line_height=\u00bb28px\u00bb link_font=\u00bbPoppins|700|||||||\u00bb link_text_color=\u00bb#097847&#8243; link_font_size=\u00bb16px\u00bb link_line_height=\u00bb20px\u00bb header_2_font=\u00bbPoppins|800||on|||||\u00bb header_2_text_color=\u00bb#285d45&#8243; header_2_font_size=\u00bb24px\u00bb header_2_letter_spacing=\u00bb-0.48px\u00bb header_2_line_height=\u00bb28px\u00bb custom_margin=\u00bb||||false|false\u00bb custom_css_free_form=\u00bb.box{||  display: flex;||  margin: 20px 0 10px 0;||  align-items: center;||  justify-content: flex-start;||}||.icon{||  width: 50px;||  min-width: 50px;||  margin-right: 12px;||}||.box-link{||  margin-top: 15px;||  padding: 10px 20px;||  border-radius: 20px;||  background: #F4F2EE;||  display: inline-block;||}||.et_pb_text .box-link:hover{||  background: #C1DB98;||  color: #2A2822 !important;||}||||.et_pb_text .box-link:after {||    color: #87C43F;||    line-height: inherit;||    font-size: inherit !important;||    opacity: 1;||    margin-left: .3em;||    left: auto;||    content: &#8216;\uf061&#8217;;||    font-family: FontAwesome !important;||    font-weight: 900 !important;||}||.et_pb_text .box-link:hover:after {||    color: #285D45;||}\u00bb locked=\u00bboff\u00bb global_colors_info=\u00bb{}\u00bb]<\/p>\n<p>El objetivo final de Green My Experience es hacer que la sostenibilidad sea accesible y accionable para todos. Nuestro prop\u00f3sito es:<\/p>\n<div class=\"box\">\n<div class=\"icon\"><img loading=\"lazy\" decoding=\"async\" src=\"https:\/\/greenmyexperience.com\/wp-content\/uploads\/2024\/11\/graph-3.svg\" width=\"48\" height=\"48\" alt=\"\" class=\"wp-image-7602 alignnone size-full\" \/><\/div>\n<div class=\"desc\">Proporcionar a las empresas las herramientas y el conocimiento para medir, rastrear y mejorar su impacto.<\/div>\n<\/div>\n<div class=\"box\">\n<div class=\"icon\"><img loading=\"lazy\" decoding=\"async\" src=\"https:\/\/greenmyexperience.com\/wp-content\/uploads\/2024\/11\/botanics.svg\" width=\"48\" height=\"48\" alt=\"\" class=\"wp-image-7600 alignnone size-full\" \/><\/div>\n<div class=\"desc\">Convertir las iniciativas de sostenibilidad en oportunidades rentables y orientadas al crecimiento.<\/div>\n<\/div>\n<div class=\"box\">\n<div class=\"icon\"><img loading=\"lazy\" decoding=\"async\" src=\"https:\/\/greenmyexperience.com\/wp-content\/uploads\/2024\/11\/thumb-up-1.svg\" width=\"48\" height=\"48\" alt=\"\" class=\"wp-image-7598 alignnone size-full\" \/><\/div>\n<div class=\"desc\">Crear una cultura de innovaci\u00f3n, colaboraci\u00f3n y aprendizaje continuo para generar un impacto a largo plazo.<\/div>\n<\/div>\n<p>[\/et_pb_text][\/et_pb_column][\/et_pb_row][et_pb_row column_structure=\u00bb1_3,2_3&#8243; _builder_version=\u00bb4.27.2&#8243; _module_preset=\u00bbdefault\u00bb custom_margin=\u00bb40px||||false|false\u00bb custom_padding=\u00bb18px||0px||false|false\u00bb global_colors_info=\u00bb{}\u00bb][et_pb_column type=\u00bb1_3&#8243; _builder_version=\u00bb4.27.0&#8243; _module_preset=\u00bbdefault\u00bb global_colors_info=\u00bb{}\u00bb][et_pb_text module_class=\u00bbready-masterclass-h2&#8243; _builder_version=\u00bb4.27.2&#8243; _module_preset=\u00bbdefault\u00bb text_font=\u00bbInter||||||||\u00bb text_text_color=\u00bb#2a2822&#8243; text_font_size=\u00bb20px\u00bb text_line_height=\u00bb28px\u00bb header_2_font=\u00bbPoppins|800||on|||||\u00bb header_2_text_color=\u00bb#285d45&#8243; header_2_font_size=\u00bb32px\u00bb header_2_letter_spacing=\u00bb-0.64px\u00bb header_2_line_height=\u00bb36px\u00bb max_width=\u00bb890px\u00bb custom_padding=\u00bb16px||16px||true|false\u00bb hover_enabled=\u00bb0&#8243; border_color_bottom=\u00bb#dbd9d5&#8243; global_colors_info=\u00bb{}\u00bb sticky_enabled=\u00bb0&#8243;]<\/p>\n<h2>Nuestra Promesa<\/h2>\n<p>[\/et_pb_text][et_pb_image src=\u00bbhttps:\/\/greenmyexperience.com\/wp-content\/uploads\/2024\/11\/compass.svg\u00bb title_text=\u00bbcompass\u00bb disabled_on=\u00bbon|on|off\u00bb _builder_version=\u00bb4.27.2&#8243; _module_preset=\u00bbdefault\u00bb positioning=\u00bbabsolute\u00bb vertical_offset=\u00bb77px\u00bb horizontal_offset=\u00bb-33px\u00bb width=\u00bb100%\u00bb global_colors_info=\u00bb{}\u00bb][\/et_pb_image][\/et_pb_column][et_pb_column type=\u00bb2_3&#8243; _builder_version=\u00bb4.27.0&#8243; _module_preset=\u00bbdefault\u00bb global_colors_info=\u00bb{}\u00bb][et_pb_text _builder_version=\u00bb4.27.2&#8243; _module_preset=\u00bbdefault\u00bb text_font=\u00bbInter|500|||||||\u00bb text_text_color=\u00bb#2a2822&#8243; text_font_size=\u00bb20px\u00bb text_line_height=\u00bb28px\u00bb link_font=\u00bbPoppins|700|||||||\u00bb link_text_color=\u00bb#097847&#8243; link_font_size=\u00bb16px\u00bb link_line_height=\u00bb20px\u00bb header_2_font=\u00bbPoppins|800||on|||||\u00bb header_2_text_color=\u00bb#285d45&#8243; header_2_font_size=\u00bb24px\u00bb header_2_letter_spacing=\u00bb-0.48px\u00bb header_2_line_height=\u00bb28px\u00bb custom_margin=\u00bb||||false|false\u00bb custom_css_free_form=\u00bb.box{||  display: flex;||  margin: 20px 0 10px 0;||  align-items: center;||  justify-content: flex-start;||}||.icon{||  width: 50px;||  min-width: 50px;||  margin-right: 12px;||}||.box-link{||  margin-top: 15px;||  padding: 10px 20px;||  border-radius: 20px;||  background: #F4F2EE;||  display: inline-block;||}||.et_pb_text .box-link:hover{||  background: #C1DB98;||  color: #2A2822 !important;||}||||.et_pb_text .box-link:after {||    color: #87C43F;||    line-height: inherit;||    font-size: inherit !important;||    opacity: 1;||    margin-left: .3em;||    left: auto;||    content: &#8216;\uf061&#8217;;||    font-family: FontAwesome !important;||    font-weight: 900 !important;||}||.et_pb_text .box-link:hover:after {||    color: #285D45;||}\u00bb locked=\u00bboff\u00bb global_colors_info=\u00bb{}\u00bb]<\/p>\n<p>Creemos en liderar con prop\u00f3sito y compasi\u00f3n. Nuestro objetivo es inspirarte y guiarte con la experiencia de un aliado amable y experto. Hagamos la diferencia, juntos.<\/p>\n<p>\u00bfListo para comenzar tu camino hacia la sostenibilidad?<\/p>\n<p>[\/et_pb_text][et_pb_button button_url=\u00bbhttps:\/\/greenmyexperience.com\/es\/pongase-en-contacto\/\u00bb button_text=\u00bbPonte en contacto con nosotros hoy mismo.\u00bb button_alignment=\u00bbleft\u00bb module_class=\u00bbbtn-wd\u00bb _builder_version=\u00bb4.27.2&#8243; _module_preset=\u00bbdefault\u00bb custom_button=\u00bbon\u00bb button_text_size=\u00bb20px\u00bb button_text_color=\u00bb#2a2822&#8243; button_bg_color=\u00bb#87c43f\u00bb button_border_width=\u00bb0px\u00bb button_border_radius=\u00bb20px\u00bb button_font=\u00bbPoppins|700|||||||\u00bb button_use_icon=\u00bboff\u00bb custom_margin=\u00bb32px||32px||true|false\u00bb custom_padding=\u00bb10px|36px|10px|36px|true|true\u00bb locked=\u00bboff\u00bb global_colors_info=\u00bb{}\u00bb][\/et_pb_button][\/et_pb_column][\/et_pb_row][et_pb_row _builder_version=\u00bb4.27.5&#8243; _module_preset=\u00bbdefault\u00bb global_colors_info=\u00bb{}\u00bb column_structure=\u00bb1_2,1_2&#8243;][et_pb_column _builder_version=\u00bb4.27.5&#8243; _module_preset=\u00bbdefault\u00bb type=\u00bb1_2&#8243;][et_pb_text _builder_version=\u00bb4.27.5&#8243; _module_preset=\u00bbdefault\u00bb hover_enabled=\u00bb0&#8243; sticky_enabled=\u00bb0&#8243; custom_padding=\u00bb|402px||||\u00bb module_class=\u00bbready-masterclass-h2&#8243;]<\/p>\n<h2>Our Learning Goals<\/h2>\n<p>[\/et_pb_text][\/et_pb_column][et_pb_column type=\u00bb1_2&#8243; _builder_version=\u00bb4.27.5&#8243; _module_preset=\u00bbdefault\u00bb global_colors_info=\u00bb{}\u00bb][et_pb_text _builder_version=\u00bb4.27.5&#8243; _module_preset=\u00bbdefault\u00bb hover_enabled=\u00bb0&#8243; global_colors_info=\u00bb{}\u00bb sticky_enabled=\u00bb0&#8243;]Overview Effect lidera las iniciativas de educaci\u00f3n y capacitaci\u00f3n de la organizaci\u00f3n como la Unidad Central de Aprendizaje, asegurando alineaci\u00f3n, gobernanza y calidad en todos los servicios de aprendizaje.<br \/>\nLos servicios de aprendizaje se desarrollan y se imparten a trav\u00e9s de un portafolio de marcas dentro del ecosistema de Overview Effect. Estas marcas operacionalizan el prop\u00f3sito central de la organizaci\u00f3n\u2014hacer que la sostenibilidad sea accesible y accionable para todos\u2014a trav\u00e9s de diversos programas, cursos y metodolog\u00edas aplicadas adaptadas a diferentes audiencias y sectores.<br \/>\nEste modelo permite a Overview Effect mantener una supervisi\u00f3n centralizada mientras permite que m\u00faltiples marcas contribuyan a la innovaci\u00f3n y el impacto del aprendizaje, apoyando su misi\u00f3n m\u00e1s amplia de unir industrias, empoderar l\u00edderes y acelerar una transformaci\u00f3n significativa.<br \/>\nLos siguientes objetivos gu\u00edan c\u00f3mo el aprendizaje se convierte en un impulsor de valor sostenido y mejora continua.<\/p>\n<div class=\"box\">\n<div class=\"icon\"><strong>1<\/strong><\/div>\n<div class=\"desc\"><strong>Fortalecer las capacidades de individuos y organizaciones para impulsar resultados medibles en sostenibilidad:<\/strong>Esta \u00e1rea de enfoque se centra en dotar a individuos y organizaciones de conocimientos pr\u00e1cticos, metodolog\u00edas estructuradas y herramientas accesibles para comprender, medir y mejorar su desempe\u00f1o ambiental, social y operativo\u2014avanzando el compromiso de Overview Effect con pr\u00e1cticas empresariales responsables y orientadas al futuro.<\/div>\n<\/div>\n<div class=\"box\">\n<div class=\"icon\"><strong>2<\/strong><\/div>\n<div class=\"desc\"><strong>Desarrollar experiencias de aprendizaje que conviertan los desaf\u00edos de sostenibilidad en oportunidades de innovaci\u00f3n y crecimiento: <span style=\"font-weight: 400;\">Las iniciativas de aprendizaje est\u00e1n dise\u00f1adas para llevar a las organizaciones de la concienciaci\u00f3n a la ejecuci\u00f3n, demostrando c\u00f3mo la sostenibilidad y las estrategias orientadas al impacto pueden mejorar la competitividad, desbloquear nuevas fuentes de valor y fortalecer la adaptabilidad a largo plazo en todos los sectores.<\/span><\/strong><\/div>\n<\/div>\n<div class=\"box\">\n<div class=\"icon\"><strong>3<\/strong><\/div>\n<div class=\"desc\"><strong>Cultivar una cultura de colaboraci\u00f3n, curiosidad y mejora continua:<\/strong>Al crear entornos donde las personas aprenden colectivamente, intercambian perspectivas y desaf\u00edan los enfoques convencionales, Overview Effect fomenta la innovaci\u00f3n y la responsabilidad compartida\u2014apoyando el desarrollo de soluciones que generan un impacto significativo y escalable.<\/div>\n<\/div>\n<div class=\"box\">\n<div class=\"icon\"><strong>4<\/strong><\/div>\n<div class=\"desc\"><b>Construir y evolucionar un ecosistema de aprendizaje din\u00e1mico que responda a conocimientos emergentes, tecnolog\u00edas y desaf\u00edos globales: <\/b>Overview Effect impulsa un ecosistema de aprendizaje flexible que se adapta continuamente a nuevos conocimientos, necesidades del mercado y prioridades globales\u2014asegurando relevancia, escalabilidad e impacto sostenido en todo su portafolio de iniciativas y marcas.<\/div>\n<\/div>\n<p>[\/et_pb_text][\/et_pb_column][\/et_pb_row][\/et_pb_section][et_pb_section fb_built=\u00bb1&#8243; _builder_version=\u00bb4.23.1&#8243; _module_preset=\u00bbdefault\u00bb background_color=\u00bbRGBA(255,255,255,0)\u00bb custom_margin=\u00bb0px||||false|false\u00bb custom_padding=\u00bb0px||||false|false\u00bb locked=\u00bboff\u00bb global_colors_info=\u00bb{}\u00bb][et_pb_row _builder_version=\u00bb4.23.1&#8243; _module_preset=\u00bbdefault\u00bb locked=\u00bboff\u00bb global_colors_info=\u00bb{}\u00bb][et_pb_column type=\u00bb4_4&#8243; _builder_version=\u00bb4.23.1&#8243; _module_preset=\u00bbdefault\u00bb global_colors_info=\u00bb{}\u00bb][et_pb_signup provider=\u00bbhubspot\u00bb hubspot_list=\u00bbNewsletter GME|37&#8243; first_name_field=\u00bboff\u00bb last_name_field=\u00bboff\u00bb title=\u00bb\u00a1SUSCR\u00cdBETE AL BOLET\u00cdN GREEN MY MIND AHORA!\u00bb description=\u00bbOBTENGA INFORMACI\u00d3N SOBRE SOSTENIBILIDAD, ACTUALIZACIONES SOBRE REFORESTACI\u00d3N Y M\u00c1S.\u00bb _builder_version=\u00bb4.23.1&#8243; _module_preset=\u00bbdefault\u00bb header_font=\u00bbPoppins|800||on|||||\u00bb header_text_color=\u00bb#285D45&#8243; header_font_size=\u00bb40px\u00bb header_letter_spacing=\u00bb-0.8px\u00bb header_line_height=\u00bb40px\u00bb body_font=\u00bbPoppins|800||on|||||\u00bb body_text_color=\u00bb#FFFFFF\u00bb body_font_size=\u00bb32px\u00bb body_letter_spacing=\u00bb-0.64px\u00bb body_line_height=\u00bb36px\u00bb background_color=\u00bb#87c43f\u00bb custom_button=\u00bbon\u00bb button_text_size=\u00bb16px\u00bb button_text_color=\u00bb#FFFFFF\u00bb button_bg_color=\u00bb#285D45&#8243; button_border_width=\u00bb1px\u00bb button_border_color=\u00bb#285D45&#8243; button_border_radius=\u00bb16px\u00bb button_font=\u00bbPoppins|600|||||||\u00bb button_use_icon=\u00bboff\u00bb custom_padding=\u00bb24px|24px|24px|24px|true|true\u00bb custom_css_free_form=\u00bb.et_pb_newsletter_fields{||    padding: 0 0 0 20%;||    margin: 0 0 0 auto;||}||.et_pb_newsletter_button.et_pb_button{||  width: 180px;||  margin: 0 0 0 auto;||}||@media only screen and (max-width: 768px) {||  .et_pb_newsletter_fields{||    padding: 0;||    margin: 0;||}||.et_pb_newsletter_button.et_pb_button{||  width: 100%;||  margin: 0;||}||}\u00bb border_radii=\u00bbon|20px|20px|20px|20px\u00bb border_radii_fields=\u00bbon|10px|10px|10px|10px\u00bb locked=\u00bboff\u00bb global_colors_info=\u00bb{}\u00bb button_bg_color__hover_enabled=\u00bbon|hover\u00bb button_bg_color__hover=\u00bb#c1db98&#8243; button_bg_enable_color__hover=\u00bbon\u00bb button_border_color__hover_enabled=\u00bbon|hover\u00bb button_border_color__hover=\u00bb#c1db98&#8243; button_text_color__hover_enabled=\u00bbon|hover\u00bb button_text_color__hover=\u00bb#2a2822&#8243;][\/et_pb_signup][\/et_pb_column][\/et_pb_row][\/et_pb_section]<\/p>\n","protected":false},"excerpt":{"rendered":"<p>&nbsp; SOLUcioneS SOSTENIBLES SIMPLESEn Green My Experience, la sostenibilidad no es solo una meta, es un estilo de vida y una responsabilidad compartida. Fundada por Cristina Calvo, una l\u00edder visionaria con m\u00e1s de 20 a\u00f1os de experiencia en sostenibilidad, turismo, marketing y tecnolog\u00eda, la empresa se basa en los principios de conservaci\u00f3n, educaci\u00f3n, innovaci\u00f3n y [&hellip;]<\/p>\n","protected":false},"author":1,"featured_media":0,"parent":0,"menu_order":0,"comment_status":"closed","ping_status":"closed","template":"","meta":{"_et_pb_use_builder":"on","_et_pb_old_content":"","_et_gb_content_width":"","inline_featured_image":false,"footnotes":""},"class_list":["post-7611","page","type-page","status-publish","hentry"],"_links":{"self":[{"href":"https:\/\/greenmyexperience.com\/es\/wp-json\/wp\/v2\/pages\/7611","targetHints":{"allow":["GET"]}}],"collection":[{"href":"https:\/\/greenmyexperience.com\/es\/wp-json\/wp\/v2\/pages"}],"about":[{"href":"https:\/\/greenmyexperience.com\/es\/wp-json\/wp\/v2\/types\/page"}],"author":[{"embeddable":true,"href":"https:\/\/greenmyexperience.com\/es\/wp-json\/wp\/v2\/users\/1"}],"replies":[{"embeddable":true,"href":"https:\/\/greenmyexperience.com\/es\/wp-json\/wp\/v2\/comments?post=7611"}],"version-history":[{"count":3,"href":"https:\/\/greenmyexperience.com\/es\/wp-json\/wp\/v2\/pages\/7611\/revisions"}],"predecessor-version":[{"id":8929,"href":"https:\/\/greenmyexperience.com\/es\/wp-json\/wp\/v2\/pages\/7611\/revisions\/8929"}],"wp:attachment":[{"href":"https:\/\/greenmyexperience.com\/es\/wp-json\/wp\/v2\/media?parent=7611"}],"curies":[{"name":"wp","href":"https:\/\/api.w.org\/{rel}","templated":true}]}}