{"id":5910,"date":"2024-08-19T17:52:15","date_gmt":"2024-08-19T15:52:15","guid":{"rendered":"https:\/\/greenmyexperience.com\/?page_id=5910"},"modified":"2025-11-25T19:45:17","modified_gmt":"2025-11-25T18:45:17","slug":"video","status":"publish","type":"page","link":"https:\/\/greenmyexperience.com\/es\/video\/","title":{"rendered":"Video"},"content":{"rendered":"<p>[et_pb_section fb_built=\u00bb1&#8243; _builder_version=\u00bb4.22.2&#8243; _module_preset=\u00bbdefault\u00bb background_color=\u00bbRGBA(255,255,255,0)\u00bb custom_padding=\u00bb0px||0px||false|false\u00bb global_colors_info=\u00bb{}\u00bb][et_pb_row custom_padding_last_edited=\u00bbon|tablet\u00bb admin_label=\u00bbTitle Row\u00bb _builder_version=\u00bb4.22.2&#8243; _module_preset=\u00bbdefault\u00bb custom_margin=\u00bb||16px||false|false\u00bb custom_padding=\u00bb||0px||false|false\u00bb custom_padding_tablet=\u00bb0px||||false|false\u00bb custom_padding_phone=\u00bb0px||||false|false\u00bb locked=\u00bboff\u00bb global_colors_info=\u00bb{}\u00bb][et_pb_column type=\u00bb4_4&#8243; _builder_version=\u00bb4.22.2&#8243; _module_preset=\u00bbdefault\u00bb global_colors_info=\u00bb{}\u00bb][et_pb_text _builder_version=\u00bb4.27.0&#8243; _module_preset=\u00bbdefault\u00bb text_letter_spacing=\u00bb-1.76px\u00bb header_font=\u00bb|800|||||||\u00bb header_text_color=\u00bb#285D45&#8243; header_font_size=\u00bb72px\u00bb header_letter_spacing=\u00bb-1.44px\u00bb header_line_height=\u00bb72px\u00bb max_width=\u00bb729px\u00bb custom_margin=\u00bb|0px|||false|false\u00bb custom_padding=\u00bb|0px||||\u00bb header_font_size_tablet=\u00bb64px\u00bb header_font_size_phone=\u00bb32px\u00bb header_font_size_last_edited=\u00bbon|phone\u00bb header_letter_spacing_tablet=\u00bb-1.28px\u00bb header_letter_spacing_phone=\u00bb-0.64px\u00bb header_letter_spacing_last_edited=\u00bbon|tablet\u00bb header_line_height_tablet=\u00bb64px\u00bb header_line_height_phone=\u00bb36px\u00bb header_line_height_last_edited=\u00bbon|tablet\u00bb global_colors_info=\u00bb{}\u00bb]<\/p>\n<h1>DESBLOQUEANDO LA PLATAFORMA DE SOSTENIBILIDAD<\/h1>\n<p>[\/et_pb_text][et_pb_image src=\u00bbhttps:\/\/greenmyexperience.com\/wp-content\/uploads\/2024\/08\/play-1.png\u00bb title_text=\u00bbplay (1)\u00bb _builder_version=\u00bb4.27.0&#8243; _module_preset=\u00bbdefault\u00bb positioning=\u00bbabsolute\u00bb vertical_offset=\u00bb-77px\u00bb horizontal_offset=\u00bb715px\u00bb z_index=\u00bb-1&#8243; vertical_offset_tablet=\u00bb-102px\u00bb vertical_offset_phone=\u00bb-80px\u00bb vertical_offset_last_edited=\u00bbon|tablet\u00bb horizontal_offset_tablet=\u00bb-95px\u00bb horizontal_offset_phone=\u00bb-95px\u00bb horizontal_offset_last_edited=\u00bbon|tablet\u00bb position_origin_a_tablet=\u00bbtop_right\u00bb position_origin_a_phone=\u00bbtop_right\u00bb position_origin_a_last_edited=\u00bbon|tablet\u00bb position_origin_f_tablet=\u00bb\u00bb position_origin_f_phone=\u00bb\u00bb position_origin_f_last_edited=\u00bbon|tablet\u00bb position_origin_r_tablet=\u00bb\u00bb position_origin_r_phone=\u00bb\u00bb position_origin_r_last_edited=\u00bbon|tablet\u00bb width=\u00bb380px\u00bb width_tablet=\u00bbauto\u00bb width_phone=\u00bb280px\u00bb width_last_edited=\u00bbon|phone\u00bb positioning_tablet=\u00bbabsolute\u00bb positioning_phone=\u00bbabsolute\u00bb positioning_last_edited=\u00bbon|tablet\u00bb global_colors_info=\u00bb{}\u00bb][\/et_pb_image][\/et_pb_column][\/et_pb_row][et_pb_row column_structure=\u00bb1_2,1_2&#8243; admin_label=\u00bbEvents Content\u00bb _builder_version=\u00bb4.27.0&#8243; _module_preset=\u00bbdefault\u00bb custom_margin=\u00bb0px||||false|false\u00bb custom_margin_tablet=\u00bb16px||||false|false\u00bb custom_margin_phone=\u00bb8px||||false|false\u00bb custom_margin_last_edited=\u00bbon|phone\u00bb custom_padding=\u00bb0px||0px||true|false\u00bb locked=\u00bboff\u00bb global_colors_info=\u00bb{}\u00bb][et_pb_column type=\u00bb1_2&#8243; _builder_version=\u00bb4.27.0&#8243; _module_preset=\u00bbdefault\u00bb global_colors_info=\u00bb{}\u00bb][et_pb_text _builder_version=\u00bb4.27.0&#8243; _module_preset=\u00bbdefault\u00bb width=\u00bb100%\u00bb global_colors_info=\u00bb{}\u00bb]<\/p>\n<p>Este video ofrece un recorrido por nuestro panel de control \u00fanico: GME Sustainability Platform. Demuestra c\u00f3mo puede realizar un seguimiento, medir e informar sobre todos sus esfuerzos de sostenibilidad en un solo lugar. Obtendr\u00e1 una descripci\u00f3n general completa de las caracter\u00edsticas del panel de control, incluido el seguimiento de datos en tiempo real, m\u00e9tricas de rendimiento detalladas e informes f\u00e1ciles de generar. Adem\u00e1s, el video destaca los recursos de aprendizaje integrados para mantenerlo informado y ayudarlo a tomar decisiones inteligentes sobre sus iniciativas de sostenibilidad.<\/p>\n<p>[\/et_pb_text][\/et_pb_column][et_pb_column type=\u00bb1_2&#8243; _builder_version=\u00bb4.27.0&#8243; _module_preset=\u00bbdefault\u00bb global_colors_info=\u00bb{}\u00bb][\/et_pb_column][\/et_pb_row][et_pb_row admin_label=\u00bbEvents Content\u00bb _builder_version=\u00bb4.27.0&#8243; _module_preset=\u00bbdefault\u00bb custom_margin=\u00bb0px||||false|false\u00bb custom_margin_tablet=\u00bb16px||||false|false\u00bb custom_margin_phone=\u00bb8px||||false|false\u00bb custom_margin_last_edited=\u00bbon|phone\u00bb custom_padding=\u00bb0px||0px||true|false\u00bb locked=\u00bboff\u00bb global_colors_info=\u00bb{}\u00bb][et_pb_column type=\u00bb4_4&#8243; _builder_version=\u00bb4.27.0&#8243; _module_preset=\u00bbdefault\u00bb global_colors_info=\u00bb{}\u00bb][et_pb_text _builder_version=\u00bb4.27.0&#8243; _module_preset=\u00bbdefault\u00bb custom_margin=\u00bb||20px||false|false\u00bb custom_padding=\u00bb||20px||false|false\u00bb global_colors_info=\u00bb{}\u00bb]<\/p>\n<p><!-- The script tag should live in the head of your page if at all possible --><\/p>\n<p><script type=\"text\/javascript\" async=\"\" src=\"https:\/\/play.vidyard.com\/embed\/v4.js\"><\/script><\/p>\n<p><!-- Put this wherever you would like your player to appear --><br \/><img decoding=\"async\" style=\"width: 100%; margin: auto; display: block;\" class=\"vidyard-player-embed\" src=\"https:\/\/play.vidyard.com\/GLGaYg8NLVJnWMrKK9ByDj.jpg\" data-uuid=\"GLGaYg8NLVJnWMrKK9ByDj\" data-v=\"4\" data-type=\"inline\" \/><\/p>\n<p>[\/et_pb_text][\/et_pb_column][\/et_pb_row][\/et_pb_section][et_pb_section fb_built=\u00bb1&#8243; _builder_version=\u00bb4.27.0&#8243; _module_preset=\u00bbdefault\u00bb background_color=\u00bbRGBA(255,255,255,0)\u00bb custom_padding=\u00bb0px||0px||false|false\u00bb global_colors_info=\u00bb{}\u00bb][et_pb_row admin_label=\u00bbEvents Content\u00bb _builder_version=\u00bb4.27.0&#8243; _module_preset=\u00bbdefault\u00bb custom_margin=\u00bb0px||||false|false\u00bb custom_margin_tablet=\u00bb16px||||false|false\u00bb custom_margin_phone=\u00bb8px||||false|false\u00bb custom_margin_last_edited=\u00bbon|phone\u00bb custom_padding=\u00bb0px||0px||true|false\u00bb locked=\u00bboff\u00bb global_colors_info=\u00bb{}\u00bb][et_pb_column type=\u00bb4_4&#8243; _builder_version=\u00bb4.27.0&#8243; _module_preset=\u00bbdefault\u00bb global_colors_info=\u00bb{}\u00bb][et_pb_button button_url=\u00bbhttps:\/\/calendly.com\/cris-calvo\/30min\u00bb button_text=\u00bbAgendar llamada\u00bb button_alignment=\u00bbcenter\u00bb _builder_version=\u00bb4.27.4&#8243; _module_preset=\u00bbdefault\u00bb custom_button=\u00bbon\u00bb button_text_color=\u00bb#FFFFFF\u00bb button_bg_color=\u00bb#87c43f\u00bb button_border_width=\u00bb0px\u00bb button_border_color=\u00bbRGBA(255,255,255,0)\u00bb button_border_radius=\u00bb84px\u00bb button_icon=\u00bb&#x24;||divi||400&#8243; button_icon_color=\u00bb#FFFFFF\u00bb hover_enabled=\u00bb0&#8243; global_colors_info=\u00bb{}\u00bb sticky_enabled=\u00bb0&#8243;][\/et_pb_button][\/et_pb_column][\/et_pb_row][et_pb_row _builder_version=\u00bb4.27.0&#8243; _module_preset=\u00bbdefault\u00bb global_colors_info=\u00bb{}\u00bb][et_pb_column type=\u00bb4_4&#8243; _builder_version=\u00bb4.27.0&#8243; _module_preset=\u00bbdefault\u00bb global_colors_info=\u00bb{}\u00bb][\/et_pb_column][\/et_pb_row][\/et_pb_section]<\/p>\n","protected":false},"excerpt":{"rendered":"<p>DESBLOQUEANDO LA PLATAFORMA DE SOSTENIBILIDADEste video ofrece un recorrido por nuestro panel de control \u00fanico: GME Sustainability Platform. Demuestra c\u00f3mo puede realizar un seguimiento, medir e informar sobre todos sus esfuerzos de sostenibilidad en un solo lugar. Obtendr\u00e1 una descripci\u00f3n general completa de las caracter\u00edsticas del panel de control, incluido el seguimiento de datos en [&hellip;]<\/p>\n","protected":false},"author":2,"featured_media":0,"parent":0,"menu_order":0,"comment_status":"closed","ping_status":"closed","template":"","meta":{"_et_pb_use_builder":"on","_et_pb_old_content":"","_et_gb_content_width":"","inline_featured_image":false,"footnotes":""},"class_list":["post-5910","page","type-page","status-publish","hentry"],"_links":{"self":[{"href":"https:\/\/greenmyexperience.com\/es\/wp-json\/wp\/v2\/pages\/5910","targetHints":{"allow":["GET"]}}],"collection":[{"href":"https:\/\/greenmyexperience.com\/es\/wp-json\/wp\/v2\/pages"}],"about":[{"href":"https:\/\/greenmyexperience.com\/es\/wp-json\/wp\/v2\/types\/page"}],"author":[{"embeddable":true,"href":"https:\/\/greenmyexperience.com\/es\/wp-json\/wp\/v2\/users\/2"}],"replies":[{"embeddable":true,"href":"https:\/\/greenmyexperience.com\/es\/wp-json\/wp\/v2\/comments?post=5910"}],"version-history":[{"count":3,"href":"https:\/\/greenmyexperience.com\/es\/wp-json\/wp\/v2\/pages\/5910\/revisions"}],"predecessor-version":[{"id":8580,"href":"https:\/\/greenmyexperience.com\/es\/wp-json\/wp\/v2\/pages\/5910\/revisions\/8580"}],"wp:attachment":[{"href":"https:\/\/greenmyexperience.com\/es\/wp-json\/wp\/v2\/media?parent=5910"}],"curies":[{"name":"wp","href":"https:\/\/api.w.org\/{rel}","templated":true}]}}