{"id":2957,"date":"2024-02-02T18:21:15","date_gmt":"2024-02-02T17:21:15","guid":{"rendered":"https:\/\/greenmyexperience.com\/blog\/"},"modified":"2024-05-09T01:20:34","modified_gmt":"2024-05-08T23:20:34","slug":"blog","status":"publish","type":"page","link":"https:\/\/greenmyexperience.com\/es\/blog\/","title":{"rendered":"Blog"},"content":{"rendered":"<p>[et_pb_section fb_built=\u00bb1&#8243; _builder_version=\u00bb4.23.1&#8243; _module_preset=\u00bbdefault\u00bb background_color=\u00bbRGBA(255,255,255,0)\u00bb global_colors_info=\u00bb{}\u00bb][et_pb_row _builder_version=\u00bb4.23.1&#8243; _module_preset=\u00bbdefault\u00bb global_colors_info=\u00bb{}\u00bb][et_pb_column type=\u00bb4_4&#8243; _builder_version=\u00bb4.23.1&#8243; _module_preset=\u00bbdefault\u00bb global_colors_info=\u00bb{}\u00bb][et_pb_text _builder_version=\u00bb4.23.1&#8243; _module_preset=\u00bbdefault\u00bb text_font=\u00bbInter|500|||||||\u00bb text_text_color=\u00bb#2A2822&#8243; text_font_size=\u00bb24px\u00bb text_line_height=\u00bb28px\u00bb header_font=\u00bbPoppins|800|||||||\u00bb header_text_color=\u00bb#285D45&#8243; header_font_size=\u00bb84px\u00bb header_letter_spacing=\u00bb-1.44px\u00bb header_line_height=\u00bb72px\u00bb header_font_size_tablet=\u00bb72px\u00bb header_font_size_phone=\u00bb40px\u00bb header_font_size_last_edited=\u00bbon|phone\u00bb global_colors_info=\u00bb{}\u00bb]<\/p>\n<h1>GREEN MY MIND<\/h1>\n<p><span style=\"font-weight: 400;\">Plantar semillas de sostenibilidad en cada pensamiento.<\/span><\/p>\n<p>[\/et_pb_text][et_pb_image src=\u00bbhttps:\/\/greenmyexperience.com\/wp-content\/uploads\/2024\/02\/green-my-mind.svg\u00bb title_text=\u00bbgreen-my-mind\u00bb _builder_version=\u00bb4.23.1&#8243; _module_preset=\u00bbdefault\u00bb positioning=\u00bbabsolute\u00bb position_origin_a=\u00bbtop_right\u00bb vertical_offset=\u00bb-28px\u00bb horizontal_offset=\u00bb-625px\u00bb z_index=\u00bb99&#8243; vertical_offset_tablet=\u00bb-28px\u00bb vertical_offset_phone=\u00bb-10px\u00bb vertical_offset_last_edited=\u00bbon|phone\u00bb horizontal_offset_tablet=\u00bb90px\u00bb horizontal_offset_phone=\u00bb15px\u00bb horizontal_offset_last_edited=\u00bbon|phone\u00bb width=\u00bb100%\u00bb max_width_tablet=\u00bb\u00bb max_width_phone=\u00bb20%\u00bb max_width_last_edited=\u00bbon|phone\u00bb global_colors_info=\u00bb{}\u00bb][\/et_pb_image][\/et_pb_column][\/et_pb_row][et_pb_row column_structure=\u00bb2_5,3_5&#8243; use_custom_gutter=\u00bbon\u00bb gutter_width=\u00bb1&#8243; _builder_version=\u00bb4.23.1&#8243; _module_preset=\u00bbdefault\u00bb custom_margin=\u00bb0px||0px||false|false\u00bb custom_padding=\u00bb0px||||false|false\u00bb global_colors_info=\u00bb{}\u00bb][et_pb_column type=\u00bb2_5&#8243; _builder_version=\u00bb4.23.1&#8243; _module_preset=\u00bbdefault\u00bb global_colors_info=\u00bb{}\u00bb][et_pb_search exclude_pages=\u00bbon\u00bb show_button=\u00bboff\u00bb placeholder=\u00bbSearch\u00bb disabled_on=\u00bboff|off|off\u00bb _builder_version=\u00bb4.23.1&#8243; _module_preset=\u00bbdefault\u00bb form_field_font_size=\u00bb15px\u00bb background_color=\u00bb#FFFFFF\u00bb border_radii=\u00bbon|10px|10px|10px|10px\u00bb border_width_all=\u00bb0px\u00bb global_colors_info=\u00bb{}\u00bb][\/et_pb_search][\/et_pb_column][et_pb_column type=\u00bb3_5&#8243; _builder_version=\u00bb4.23.1&#8243; _module_preset=\u00bbdefault\u00bb global_colors_info=\u00bb{}\u00bb][\/et_pb_column][\/et_pb_row][et_pb_row use_custom_gutter=\u00bbon\u00bb gutter_width=\u00bb2&#8243; _builder_version=\u00bb4.23.1&#8243; _module_preset=\u00bbdefault\u00bb global_colors_info=\u00bb{}\u00bb][et_pb_column type=\u00bb4_4&#8243; _builder_version=\u00bb4.23.1&#8243; _module_preset=\u00bbdefault\u00bb global_colors_info=\u00bb{}\u00bb][et_pb_blog posts_number=\u00bb1&#8243; excerpt_length=\u00bb390&#8243; show_author=\u00bboff\u00bb show_categories=\u00bboff\u00bb show_pagination=\u00bboff\u00bb use_overlay=\u00bbon\u00bb overlay_icon_color=\u00bb#F05D23&#8243; hover_overlay_color=\u00bbrgba(240,93,35,0.47)\u00bb module_class=\u00bbpa-blog-list\u00bb _builder_version=\u00bb4.23.1&#8243; _module_preset=\u00bbdefault\u00bb header_font=\u00bbPoppins|700|||||||\u00bb header_text_color=\u00bb#2A2822&#8243; header_font_size=\u00bb32px\u00bb header_letter_spacing=\u00bb-0.64px\u00bb header_line_height=\u00bb40px\u00bb body_font=\u00bbInter|500|||||||\u00bb body_text_color=\u00bb#2A2822&#8243; body_font_size=\u00bb16px\u00bb meta_font=\u00bbInter||||||||\u00bb meta_text_color=\u00bb#285D45&#8243; read_more_font=\u00bbPoppins|700|||||||\u00bb read_more_text_color=\u00bb#F05D23&#8243; read_more_line_height=\u00bb2.2em\u00bb custom_padding_tablet=\u00bb\u00bb custom_padding_phone=\u00bb||||false|false\u00bb custom_padding_last_edited=\u00bbon|phone\u00bb header_font_size_tablet=\u00bb32px\u00bb header_font_size_phone=\u00bb24px\u00bb header_font_size_last_edited=\u00bbon|phone\u00bb header_line_height_tablet=\u00bb40px\u00bb header_line_height_phone=\u00bb28px\u00bb header_line_height_last_edited=\u00bbon|phone\u00bb background_color_phone=\u00bb#FFFFFF\u00bb background_last_edited=\u00bbon|phone\u00bb background_enable_color_phone=\u00bbon\u00bb custom_css_free_form=\u00bb\/*add media query so changes only affect tablet and desktop*\/||||@media (min-width: 767px) {||||\/*set the image width*\/||||.pa-blog-list .entry-featured-image-url  {||width: 65.5%;||float: left;||margin-bottom: 0!important;||}||||\/*set the details width*\/||||.pa-blog-list .entry-title,||.pa-blog-list .post-meta,||.pa-blog-list .post-content {||width: 34.5%;||float: left;||padding-left: 50px;||}||}||||@media (max-width: 768px){||  .pa-blog-list {||    border-radius: 20px;||    background: transparent;||  }||  .pa-blog-list article{||    border-radius: 20px;||    background: #fff;||  }||  .pa-blog-list .entry-title,||  .pa-blog-list .post-meta,||  .pa-blog-list .post-content {||    padding: 0 20px;||  }||  .pa-blog-list .post-content { padding-bottom: 20px; }||}\u00bb border_radii_image=\u00bbon|20px|20px|20px|20px\u00bb border_radii_image_tablet=\u00bbon|20px|20px|20px|20px\u00bb border_radii_image_phone=\u00bboff|20px|20px|0px|0px\u00bb border_radii_image_last_edited=\u00bbon|phone\u00bb global_colors_info=\u00bb{}\u00bb header_text_color__hover_enabled=\u00bbon|desktop\u00bb header_text_color__hover=\u00bb#F05D23&#8243;][\/et_pb_blog][et_pb_blog fullwidth=\u00bboff\u00bb posts_number=\u00bb50&#8243; show_author=\u00bboff\u00bb show_categories=\u00bboff\u00bb offset_number=\u00bb1&#8243; use_overlay=\u00bbon\u00bb overlay_icon_color=\u00bb#F05D23&#8243; hover_overlay_color=\u00bbrgba(240,93,35,0.47)\u00bb _builder_version=\u00bb4.23.1&#8243; _module_preset=\u00bbdefault\u00bb header_font=\u00bbPoppins|700|||||||\u00bb header_text_color=\u00bb#2A2822&#8243; header_font_size=\u00bb24px\u00bb header_line_height=\u00bb1.3em\u00bb body_font=\u00bbInter|500|||||||\u00bb body_text_color=\u00bb#2A2822&#8243; body_font_size=\u00bb16px\u00bb meta_font=\u00bbInter||||||||\u00bb meta_text_color=\u00bb#285D45&#8243; read_more_font=\u00bbPoppins|700|||||||\u00bb read_more_text_color=\u00bb#F05D23&#8243; read_more_line_height=\u00bb2.2em\u00bb border_radii=\u00bbon|20px|20px|20px|20px\u00bb border_width_all=\u00bb0px\u00bb border_radii_image=\u00bboff|20px|20px||\u00bb global_colors_info=\u00bb{}\u00bb header_text_color__hover_enabled=\u00bbon|desktop\u00bb header_text_color__hover=\u00bb#F05D23&#8243;][\/et_pb_blog][\/et_pb_column][\/et_pb_row][et_pb_row _builder_version=\u00bb4.23.1&#8243; _module_preset=\u00bbdefault\u00bb custom_margin=\u00bb||||false|false\u00bb custom_padding=\u00bb0px||0px||false|false\u00bb global_colors_info=\u00bb{}\u00bb][et_pb_column type=\u00bb4_4&#8243; _builder_version=\u00bb4.23.1&#8243; _module_preset=\u00bbdefault\u00bb global_colors_info=\u00bb{}\u00bb][et_pb_signup provider=\u00bbhubspot\u00bb hubspot_list=\u00bbNewsletter GME|38&#8243; first_name_field=\u00bboff\u00bb last_name_field=\u00bboff\u00bb title=\u00bb\u00a1Suscr\u00edbete al bolet\u00edn GREEN MY MIND ahora!\u00bb description=\u00bb<\/p>\n<p>Obtenga informaci\u00f3n sobre sostenibilidad, actualizaciones sobre reforestaci\u00f3n y m\u00e1s.<\/p>\n<p>\u00bb _builder_version=\u00bb4.23.1&#8243; _module_preset=\u00bbdefault\u00bb header_font=\u00bbPoppins|700||on|||||\u00bb header_text_color=\u00bb#285D45&#8243; header_font_size=\u00bb24px\u00bb header_letter_spacing=\u00bb-0.48px\u00bb header_line_height=\u00bb28px\u00bb body_font=\u00bbPoppins|700||on|||||\u00bb body_text_color=\u00bb#FFFFFF\u00bb body_font_size=\u00bb24px\u00bb body_letter_spacing=\u00bb-0.48px\u00bb body_line_height=\u00bb28px\u00bb background_color=\u00bb#87c43f\u00bb custom_button=\u00bbon\u00bb button_text_size=\u00bb16px\u00bb button_text_color=\u00bb#FFFFFF\u00bb button_bg_color=\u00bb#285D45&#8243; button_border_width=\u00bb1px\u00bb button_border_color=\u00bb#285D45&#8243; button_border_radius=\u00bb16px\u00bb button_font=\u00bbPoppins|600|||||||\u00bb custom_padding=\u00bb24px|24px|24px|24px|true|true\u00bb border_radii=\u00bbon|20px|20px|20px|20px\u00bb border_radii_fields=\u00bbon|10px|10px|10px|10px\u00bb locked=\u00bboff\u00bb global_colors_info=\u00bb{}\u00bb][\/et_pb_signup][\/et_pb_column][\/et_pb_row][\/et_pb_section]<\/p>\n","protected":false},"excerpt":{"rendered":"<p>GREEN MY MIND Plantar semillas de sostenibilidad en cada pensamiento.<\/p>\n","protected":false},"author":1,"featured_media":0,"parent":0,"menu_order":0,"comment_status":"closed","ping_status":"closed","template":"","meta":{"_et_pb_use_builder":"on","_et_pb_old_content":"","_et_gb_content_width":"","inline_featured_image":false,"footnotes":""},"class_list":["post-2957","page","type-page","status-publish","hentry"],"_links":{"self":[{"href":"https:\/\/greenmyexperience.com\/es\/wp-json\/wp\/v2\/pages\/2957","targetHints":{"allow":["GET"]}}],"collection":[{"href":"https:\/\/greenmyexperience.com\/es\/wp-json\/wp\/v2\/pages"}],"about":[{"href":"https:\/\/greenmyexperience.com\/es\/wp-json\/wp\/v2\/types\/page"}],"author":[{"embeddable":true,"href":"https:\/\/greenmyexperience.com\/es\/wp-json\/wp\/v2\/users\/1"}],"replies":[{"embeddable":true,"href":"https:\/\/greenmyexperience.com\/es\/wp-json\/wp\/v2\/comments?post=2957"}],"version-history":[{"count":3,"href":"https:\/\/greenmyexperience.com\/es\/wp-json\/wp\/v2\/pages\/2957\/revisions"}],"predecessor-version":[{"id":4230,"href":"https:\/\/greenmyexperience.com\/es\/wp-json\/wp\/v2\/pages\/2957\/revisions\/4230"}],"wp:attachment":[{"href":"https:\/\/greenmyexperience.com\/es\/wp-json\/wp\/v2\/media?parent=2957"}],"curies":[{"name":"wp","href":"https:\/\/api.w.org\/{rel}","templated":true}]}}